{"id":19,"date":"2017-08-22T11:17:30","date_gmt":"2017-08-22T11:17:30","guid":{"rendered":"http:\/\/neihr.ro\/?page_id=19"},"modified":"2017-08-22T11:21:42","modified_gmt":"2017-08-22T11:21:42","slug":"contact","status":"publish","type":"page","link":"https:\/\/neihr.ro\/","title":{"rendered":"Contact"},"content":{"rendered":"<p>Bucuresti, Str. Ghiozdanului nr. 6A,<br \/>\nSector 1, Cod postal 014163<\/p>\n<p>Telefon: +4 021 310 00 98<br \/>\nFax: +4 021 310 00 99<\/p>\n<p>E-mail: office@neihr.ro<\/p>\n<p><iframe loading=\"lazy\" src=\"https:\/\/maps.google.ro\/maps?f=q&amp;source=s_q&amp;hl=ro&amp;geocode=&amp;q=neiholding&amp;aq=&amp;sll=44.483042,26.092159&amp;sspn=0.002335,0.005284&amp;ie=UTF8&amp;hq=neiholding&amp;hnear=&amp;ll=44.48318,26.091073&amp;spn=0.001167,0.002642&amp;t=m&amp;z=14&amp;iwloc=A&amp;cid=8362474879318757541&amp;output=embed\" marginwidth=\"0\" marginheight=\"0\" scrolling=\"no\" width=\"425\" height=\"350\" frameborder=\"0\"><\/iframe><\/p>\n<p><small><a style=\"color: #0000ff; text-align: left;\" href=\"https:\/\/maps.google.ro\/maps?f=q&amp;source=embed&amp;hl=ro&amp;geocode=&amp;q=neiholding&amp;aq=&amp;sll=44.483042,26.092159&amp;sspn=0.002335,0.005284&amp;ie=UTF8&amp;hq=neiholding&amp;hnear=&amp;ll=44.48318,26.091073&amp;spn=0.001167,0.002642&amp;t=m&amp;z=14&amp;iwloc=A&amp;cid=8362474879318757541\">Vizualizare hart\u0103 m\u0103rit\u0103<\/a><\/small><\/p>\n","protected":false},"excerpt":{"rendered":"<p>Bucuresti, Str. Ghiozdanului nr. 6A, Sector 1, Cod postal 014163 Telefon: +4 021 310 00 98 Fax: +4 021 310 00 99 E-mail: office@neihr.ro Vizualizare hart\u0103 m\u0103rit\u0103<\/p>\n","protected":false},"author":1,"featured_media":0,"parent":0,"menu_order":0,"comment_status":"closed","ping_status":"closed","template":"","meta":{"footnotes":""},"class_list":["post-19","page","type-page","status-publish","hentry"],"_links":{"self":[{"href":"https:\/\/neihr.ro\/index.php?rest_route=\/wp\/v2\/pages\/19","targetHints":{"allow":["GET"]}}],"collection":[{"href":"https:\/\/neihr.ro\/index.php?rest_route=\/wp\/v2\/pages"}],"about":[{"href":"https:\/\/neihr.ro\/index.php?rest_route=\/wp\/v2\/types\/page"}],"author":[{"embeddable":true,"href":"https:\/\/neihr.ro\/index.php?rest_route=\/wp\/v2\/users\/1"}],"replies":[{"embeddable":true,"href":"https:\/\/neihr.ro\/index.php?rest_route=%2Fwp%2Fv2%2Fcomments&post=19"}],"version-history":[{"count":3,"href":"https:\/\/neihr.ro\/index.php?rest_route=\/wp\/v2\/pages\/19\/revisions"}],"predecessor-version":[{"id":23,"href":"https:\/\/neihr.ro\/index.php?rest_route=\/wp\/v2\/pages\/19\/revisions\/23"}],"wp:attachment":[{"href":"https:\/\/neihr.ro\/index.php?rest_route=%2Fwp%2Fv2%2Fmedia&parent=19"}],"curies":[{"name":"wp","href":"https:\/\/api.w.org\/{rel}","templated":true}]}}